{"id":829,"date":"2025-02-23T07:22:11","date_gmt":"2025-02-23T07:22:11","guid":{"rendered":"https:\/\/junesira.com\/?page_id=829"},"modified":"2026-03-29T18:30:57","modified_gmt":"2026-03-29T18:30:57","slug":"cv","status":"publish","type":"page","link":"https:\/\/junesira.com\/nb\/cv\/","title":{"rendered":"CV"},"content":{"rendered":"<div style=\"height:100px\" aria-hidden=\"true\" class=\"wp-block-spacer\"><\/div>\n\n\n\n<p><strong>JUNE SIRA (1965)<\/strong><strong>\u2028<\/strong><\/p>\n\n\n\n<p><\/p>\n\n\n\n<p><\/p>\n\n\n\n<p><strong>EDUCATION<\/strong><\/p>\n\n\n\n<p>&#8211; Chelsea School of Art and Design: MA in Fine Art, Painting (London, UK 2000) &#8211; National Academy Of The Arts: MA in Fine Art, Sculpture (Oslo, 1985 \u2013 1992).<\/p>\n\n\n\n<p><\/p>\n\n\n\n<p><\/p>\n\n\n\n<p><strong>SOLO EXHIBITIONS<\/strong>\u2028<br>Gallery Fjordheim (Gj\u00f8vik, Norway, 2024)<br>Gallery Ramfjord (Oslo, Norway, 2024)<br>Gallery EKG (Hamar, Norway, 2019)\u2028<br>Gallery EKG \u2013 Eastern Norway Festival Artist (Hamar, Norway, 2015)\u2028&nbsp;Elverum Art Gallery (Elverum, Norway, 2014)\u2028<br>Hellviktangen (Nesodden, Norway (2013)\u2028<br>Elverum Art Gallery (Elverum, Norway, 2012)\u2028<br>Gallery Osebro (Porsgrunn, Norway, 2007)<br>Norwegian Printmakers Gallery (Oslo, Norway, 2000)\u2028<br>Oslo Art Union (Oslo, Norway, 1998)<\/p>\n\n\n\n<p><\/p>\n\n\n\n<p><\/p>\n\n\n\n<p><strong>SELECTED GROUP EXHIBITIONS<\/strong><\/p>\n\n\n\n<p>Gallerii (T\u00f8nsberg, Norway 2024, 2025)<br>Mana Contemporary (New Jersey, US, 2023)<br>Galleri Ramfjord (Oslo, Norway 2023)\u2028<br>RHA Gallagher Gallery (Dublin, Ireland, 2021)<br>Museum of National History (Copenhagen, Denmark, 2021)<br>RHA Gallagher Gallery (Dublin, Ireland, 2020)\u2028<br>Gallery Kunstnerforbundet (Oslo, Norway, 2019)\u2028<br>Gallery EKG (Hamar, Norway, 2019)\u2028<br>Gallery Ramsfjord (Oslo, Norway, 2018)\u2028<br>Gallery Fine Art (Oslo, Norway, 2018)\u2028<br>Royal Ulster Academy \u2013 136th Annual Exhibition (Belfast, Ireland, 2018)\u2028&nbsp;Store Street Gallery (London, UK, 2017)\u2028<br>The Museum of National History (Copenhagen, Denmark, 2017)\u2028<br>Hubei Art Museum (Hubei, China, 2017)\u2028<br>Mall Galleries (London, Derwent Art Prize (UK, 2016)\u2028<br>Rotterdam International Art Fair (Netherland, 2016)\u2028<br>Graficki Kolektiv (Belgrade, Serbia, 2016)\u2028<br>CICA Museum \u2013 Art Yellow Book Int. Exhibition (Seoul, South Korea, 2016)\u2028&nbsp;Kunstverket \u2013 Hoved\u00f8ya Gallery (Oslo, Norway, 2016)\u2028<br>The Brick Lane Gallery (London, UK, 2015)\u2028<br>Nittedal Art Society (Nittedal, Norway, 2015)\u2028<br>Lions Club (Oslo, Norway, 2014)\u2028<br>S\u00f8gne Presteg\u00e5rd (S\u00f8gne, Norway, 2013)\u2028<br>Hermetikkfabrikken i Nevlunghavn (Norway, 2010)\u2028<br>Stavern Art Society (Stavern, Norway 2008)\u2028<br>B\u00f8 Art Union (B\u00f8, Norway 2006)<br>South Korean Embessy &#8211; The Taste Of The House (Oslo, Norway, 2004) \u00d8stlandsutstillingen (2004, 2002, 2001,1999, 1998,1996,1993)<br>Galleri 27 (Oslo. Norway, 2003)<br>Galleri LNM (Oslo, Norway, 2002)<br>Whitechapel Gallery (London, UK 2000)<br>Norwegian Printmakers Gallery (Oslo. Norway, 1999)<\/p>\n\n\n\n<p>Galleri K &#8211; Nordic Symposium (Oslo, Norway, 1995)<br>The National Annual Autumn Exhibition (Oslo, Norway, 1995) Norwegian Printmakers Gallery (Oslo. Norway, 1993)<\/p>\n\n\n\n<p><\/p>\n\n\n\n<p><\/p>\n\n\n\n<p><strong>PURCHASED BY:<\/strong><\/p>\n\n\n\n<p>The Batra Family Collection (2023, 2024, 2025)\u2028&nbsp;Norsk Tipping (2015)\u2028<br>The National Gallery of Norway (2010, 1992)\u2028&nbsp;Helsebygg Midtnorge, Norway (2009, 2008)\u2028&nbsp;Arts Council Norway (2006)\u2028<\/p>\n\n\n\n<p>Omsorg og Rehabiliteringsenteret i Langesund, Norway (2005) Helsebygg Midtnorge, Norway (2005)\u2028<br>Kunst p\u00e5 arbeidsplassen (2004)\u2028<br>Union Bank of Switzerland \u2013 UBS Award (2000)<\/p>\n\n\n\n<p>South Koreas Ambassadour \u0301s residence (Oslo, Norway 2004)<\/p>\n\n\n\n<p><\/p>\n\n\n\n<p><\/p>\n\n\n\n<p><strong>AWARDS<\/strong><\/p>\n\n\n\n<p>ArtForwardContests \u2013 Silver Award Winner \u2013 Painting (2016)<br>UBS Art Award, National winner (London, UK, 2000)<br>Arches Prize \u2013 The National Annual Autumn Exhibition (Oslo, Norway 1995) Art Club\u2019s Prize \u2013 The National Annual Autumn Exhibition (Oslo, Norway 1995)<\/p>\n\n\n\n<p><\/p>\n\n\n\n<p><\/p>\n\n\n\n<p><strong>GRANTS<\/strong><\/p>\n\n\n\n<p>Statens diversestipend for kunstnere (2012)\u2028&nbsp;Ingrid Lindb\u00e4ck Langaards Fond (2001)\u2028&nbsp;Billedkunstnernes vederlagsfond (2000) Ett\u00e5rig arbeidsstipend (1999)<\/p>\n\n\n\n<p>Norske Billedkunstnere \u0301s Debutantst\u00f8tte (1998)\u2028&nbsp;Norwegian Printmakers (1996)\u2028<br>Norwegian Union of Printmakers (1991)<\/p>\n\n\n\n<p><\/p>\n\n\n\n<p><\/p>\n\n\n\n<p><strong>PUBLICATIONS<\/strong><\/p>\n\n\n\n<p>\u2022&nbsp;PORTR\u00c6T NU! &#8211; 2021 Carlsberg Foundation Portrait Award \u00a9 Det Nationalhistoriske Museum p\u00e5 Fredriksborg 2021<br>ISBN 978-87-93049-38-3<br><\/p>\n\n\n\n<p>\u2022&nbsp;PORTR\u00c6T NU! &#8211; 2017 Carlsberg Foundation Portrait Award \u00a9 Det Nationalhistoriske Museum p\u00e5 Fredriksborg 2017<\/p>\n\n\n\n<p>ISBN 978-87-93049-15-4<br><\/p>\n\n\n\n<p>\u2022&nbsp;ARTIT &#8211; Voice of Artists<br>\u00a9 Artit London ltd.<br>ISSN NO.977263289000711<br><\/p>\n\n\n\n<p>\u2022&nbsp;UBS Art Award 2000 &#8211; A tribute to the painting of tomorrow Art Banking \u00a9 Published by UBS Art Banking<\/p>\n\n\n\n<p><\/p>","protected":false},"excerpt":{"rendered":"<p>JUNE SIRA (1965)\u2028 EDUCATION &#8211; Chelsea School of Art and Design: MA in Fine Art, Painting (London, UK 2000) &#8211; National Academy Of The Arts: MA in Fine Art, Sculpture (Oslo, 1985 \u2013 1992). SOLO EXHIBITIONS\u2028Gallery Fjordheim (Gj\u00f8vik, Norway, 2024)Gallery Ramfjord (Oslo, Norway, 2024)Gallery EKG (Hamar, Norway, 2019)\u2028Gallery EKG \u2013 Eastern Norway Festival Artist (Hamar, [&hellip;]<\/p>\n","protected":false},"author":1,"featured_media":0,"parent":0,"menu_order":0,"comment_status":"closed","ping_status":"closed","template":"","meta":{"footnotes":""},"folder":[],"class_list":["post-829","page","type-page","status-publish","hentry"],"_links":{"self":[{"href":"https:\/\/junesira.com\/nb\/wp-json\/wp\/v2\/pages\/829","targetHints":{"allow":["GET"]}}],"collection":[{"href":"https:\/\/junesira.com\/nb\/wp-json\/wp\/v2\/pages"}],"about":[{"href":"https:\/\/junesira.com\/nb\/wp-json\/wp\/v2\/types\/page"}],"author":[{"embeddable":true,"href":"https:\/\/junesira.com\/nb\/wp-json\/wp\/v2\/users\/1"}],"replies":[{"embeddable":true,"href":"https:\/\/junesira.com\/nb\/wp-json\/wp\/v2\/comments?post=829"}],"version-history":[{"count":26,"href":"https:\/\/junesira.com\/nb\/wp-json\/wp\/v2\/pages\/829\/revisions"}],"predecessor-version":[{"id":1020,"href":"https:\/\/junesira.com\/nb\/wp-json\/wp\/v2\/pages\/829\/revisions\/1020"}],"wp:attachment":[{"href":"https:\/\/junesira.com\/nb\/wp-json\/wp\/v2\/media?parent=829"}],"wp:term":[{"taxonomy":"folder","embeddable":true,"href":"https:\/\/junesira.com\/nb\/wp-json\/wp\/v2\/folder?post=829"}],"curies":[{"name":"wp","href":"https:\/\/api.w.org\/{rel}","templated":true}]}}